{"id":848,"date":"2020-03-31T10:39:27","date_gmt":"2020-03-31T10:39:27","guid":{"rendered":"http:\/\/weltladen-waidhofen.at\/webshop\/?page_id=848"},"modified":"2020-11-18T18:50:13","modified_gmt":"2020-11-18T18:50:13","slug":"agb","status":"publish","type":"page","link":"http:\/\/weltladen-waidhofen.at\/?page_id=848","title":{"rendered":"AGBs"},"content":{"rendered":"\n<p><strong>Allgemeine\nLiefer- und Zahlungsbedingungen<\/strong><\/p>\n\n\n\n<p>\u00a0Die Bestellungen k\u00f6nnen im Raum Waidhofen zugestellt werden, oder werden direkt im Laden abgeholt.<\/p>\n\n\n\n<p>&nbsp;<strong>Geltungsbereich<\/strong><\/p>\n\n\n\n<p>F\u00fcr alle\nBestellungen \u00fcber unseren Bestell-Shop gelten die nachfolgenden Liefer- und\nZahlungsbedingungen. Mit der Bestellung erkl\u00e4rt sich der Kunde\/die Kundin mit\ndiesen Bedingungen einverstanden. Sollten einzelne dieser Bestimmungen aufgrund\nzwingender gesetzlicher Vorschriften ganz oder teilweise unwirksam sein, so\nbleiben die \u00fcbrigen Bestimmungen unver\u00e4ndert wirksam.<\/p>\n\n\n\n<p><strong>Vertragsabschluss<\/strong><\/p>\n\n\n\n<p>Zwischen dem\nKunden \/ der Kundin und dem Weltladen Waidhofen kommt mit dem Absenden der\nBestellung und der \u00dcberweisung auf das in der Rechnung angef\u00fchrte Bankkonto ein\nVerkaufsvertrag zustande.<\/p>\n\n\n\n<p>Die\nDarstellung der Produkte im Bestell-Shop stellt dabei kein rechtlich bindendes\nAngebot, sondern einen unverbindlichen Katalog dar. Das Absenden der Bestellung\ndurch den Kunden\/die Kundin stellt eine verbindliche Bestellung dar.<\/p>\n\n\n\n<p>Sollte eines\nder bestellten Produkte nicht lieferbar sein, nimmt ein\/e\nWeltladen-Mitarbeiter\/in Kontakt mit dem Kunden\/der Kundin auf und kl\u00e4rt, ob\nersatzweise ein anderes, \u00e4hnliches Produkt geliefert werden soll. In diesem\nFall ist die neuerliche Vereinbarung verbindlich.<\/p>\n\n\n\n<p>&nbsp;<strong>Zahlung<\/strong><\/p>\n\n\n\n<p>Es ist eine Zahlung per Rechnung m\u00f6glich. Der Kunde \/ die Kundin erh\u00e4lt mit der Lieferung eine Rechnung mit Rechnungsbetrag, Rechnungsname und Rechnungsnummer und \u00fcberweist die Ware umgehend, l\u00e4ngstens aber innerhalb einer Woche.<\/p>\n\n\n\n<p>Auf Wunsch ist auch Zahlung vor Ort bar oder bargeldlos m\u00f6glich.<\/p>\n\n\n\n<p><strong>Preis und\nEigentumsvorbehalt<\/strong><\/p>\n\n\n\n<p>Grunds\u00e4tzlich\ngilt der Kaufpreis f\u00fcr die bestellten Waren als vereinbart, der in unserem Bestell-Shop\nangef\u00fchrt ist. Die verkaufte Ware bleibt bis zur vollst\u00e4ndigen\nKaufpreisbezahlung im Eigentum des Weltladens Waidhofen (Eigentumsvorbehalt).<\/p>\n\n\n\n<p>Soweit nicht\nanders angegeben, verstehen sich s\u00e4mtliche im Bestell-Shop angegebenen Preise\nals Bruttopreise einschlie\u00dflich der gesetzlichen Umsatzsteuer. Die Umsatzsteuer\nwird auf der Rechnung ausgewiesen.<\/p>\n\n\n\n<p>&nbsp;Lebensmittel\nsind vom gesetzlichen R\u00fcckgaberecht ausgenommen.<\/p>\n\n\n\n<p><strong>Abhol- und Lieferbedingungen<\/strong><\/p>\n\n\n\n<p><\/p>\n\n\n\n<p>Der Kunde\/die Kundin holt die bestellte Ware zu den regul\u00e4ren \u00d6ffnungszeiten ab im Weltladen Waidhofen<\/p>\n\n\n\n<p>Auf Wunsch und nach Vereinbarung stellt, in Waidhofen\/Ybbs und im\nn\u00e4heren Umkreis, eine ehrenamtliche Mitarbeiterin\/ein ehrenamtlicher\nMitarbeiter die Ware per Radkurier zu<\/p>\n\n\n\n<p>Es k\u00f6nnen telefonisch auch individuelle Abholzeiten vereinbart\nwerden.<\/p>\n\n\n\n<p>DATENSCHUTZERKL\u00c4RUNG<\/p>\n\n\n\n<p>&nbsp;<strong>Stand: 1.4.2020<\/strong><\/p>\n\n\n\n<ol><li><strong>Grunds\u00e4tzliche Angaben zur\nDatenverarbeitung und Rechtsgrundlagen<\/strong> <ol><li>Diese Datenschutzerkl\u00e4rung\nkl\u00e4rt Sie \u00fcber die Art, den Umfang und Zweck der Verarbeitung von\npersonenbezogenen Daten innerhalb unseres Onlineangebotes und der mit ihm\nverbundenen Webseiten, Funktionen und Inhalte (nachfolgend gemeinsam bezeichnet\nals \u201eOnlineangebot\u201c oder \u201eWebsite\u201c) auf. Die Datenschutzerkl\u00e4rung gilt\nunabh\u00e4ngig von den verwendeten Domains, Systemen, Plattformen und Ger\u00e4ten (z.B.\nDesktop oder Mobile) auf denen das Onlineangebot ausgef\u00fchrt wird.<\/li><\/ol><ol><li>Die verwendeten\nBegrifflichkeiten, wie z.B. \u201epersonenbezogene Daten\u201c oder deren \u201eVerarbeitung\u201c\nverweisen wir auf die Definitionen im Art. 4 der Datenschutzgrundverordnung\n(DSGVO).<\/li><\/ol><ol><li>Der Begriff \u201eNutzer*in\u201c\numfasst alle Kategorien von der Datenverarbeitung betroffener Personen. Zu\nihnen geh\u00f6ren unsere Gesch\u00e4ftspartner*innen, Kund*innen, Interessent*innen und\nsonstige Besucher*innen unseres Onlineangebotes.<\/li><\/ol><ol><li>Wir verarbeiten\npersonenbezogene Daten der Nutzer*innen nur unter Einhaltung der einschl\u00e4gigen\nDatenschutzbestimmungen. Das bedeutet, die Daten der Nutzer*innen werden nur\nbei Vorliegen einer gesetzlichen Erlaubnis verarbeitet. D.h., insbesondere wenn\ndie Datenverarbeitung zur Erbringung unserer vertraglichen Leistungen (z.B. Bearbeitung\nvon Auftr\u00e4gen) sowie Online-Services erforderlich, bzw. gesetzlich\nvorgeschrieben ist, eine Einwilligung der Nutzer*innen vorliegt, als auch\naufgrund unserer berechtigten Interessen (d.h. Interesse an der Analyse,\nOptimierung und wirtschaftlichem Betrieb und Sicherheit unseres Onlineangebotes\nim Sinne des Art. 6 Abs. 1 lit. f. DSGVO, insbesondere bei der\nReichweitenmessung, Erstellung von Profilen zu Werbe- und Marketingzwecken\nsowie Erhebung von Zugriffsdaten und Einsatz der Dienste von Drittanbieter*innen.<\/li><\/ol><ol><li>Wir weisen darauf hin, dass\ndie Rechtsgrundlage der Einwilligungen Art. 6 Abs. 1 lit. a. und Art. 7 DSGVO,\ndie Rechtsgrundlage f\u00fcr die Verarbeitung zur Erf\u00fcllung unserer Leistungen und\nDurchf\u00fchrung vertraglicher Ma\u00dfnahmen Art. 6 Abs. 1 lit. b. DSGVO, die\nRechtsgrundlage f\u00fcr die Verarbeitung zur Erf\u00fcllung unserer rechtlichen\nVerpflichtungen Art. 6 Abs. 1 lit. c. DSGVO, und die Rechtsgrundlage f\u00fcr die\nVerarbeitung zur Wahrung unserer berechtigten Interessen Art. 6 Abs. 1 lit. f.\nDSGVO ist.<br>\n&nbsp;<\/li><\/ol><\/li><li><strong>Sicherheitsma\u00dfnahmen<\/strong> <ol><li>Wir treffen organisatorische,\nvertragliche und technische Sicherheitsma\u00dfnahmen entsprechend dem Stand der\nTechnik, um sicherzustellen, dass die Vorschriften der Datenschutzgesetze\neingehalten werden und um damit die durch uns verarbeiteten Daten gegen\nzuf\u00e4llige oder vors\u00e4tzliche Manipulationen, Verlust, Zerst\u00f6rung oder gegen den\nZugriff unberechtigter Personen zu sch\u00fctzen.<br>\n&nbsp;<\/li><\/ol><\/li><li><strong>Weitergabe von Daten an Dritte\nund Drittanbieter<\/strong> <ol><li>Eine Weitergabe von Daten an\nDritte erfolgt nur im Rahmen der gesetzlichen Vorgaben. Wir geben die Daten der\nNutzer*innen an Dritte nur dann weiter, wenn dies z.B. auf Grundlage des Art. 6\nAbs. 1 lit. b) DSGVO f\u00fcr Vertragszwecke erforderlich ist oder auf Grundlage\nberechtigter Interessen gem. Art. 6 Abs. 1 lit. f. DSGVO an wirtschaftlichem\nund effektivem Betrieb unseres Gesch\u00e4ftsbetriebes.<\/li><\/ol><ol><li>Sofern wir\nSubunternehmer*innen einsetzen, um unsere Leistungen bereitzustellen, ergreifen\nwir geeignete rechtliche Vorkehrungen sowie entsprechende technische und\norganisatorische Ma\u00dfnahmen, um f\u00fcr den Schutz der personenbezogenen Daten gem\u00e4\u00df\nden einschl\u00e4gigen gesetzlichen Vorschriften zu sorgen.<\/li><\/ol><ol><li>Sofern im Rahmen dieser\nDatenschutzerkl\u00e4rung Inhalte, Werkzeuge oder sonstige Mittel von anderen\nAnbieter*innen (nachfolgend gemeinsam bezeichnet als \u201eDrittanbieter\u201c)\neingesetzt werden und deren genannter Sitz sich in einem Drittland befindet,\nist davon auszugehen, dass ein Datentransfer in die Sitzstaaten der Drittanbieter\nstattfindet. Als Drittstaaten sind L\u00e4nder zu verstehen, in denen die DSGVO kein\nunmittelbar geltendes Recht ist, d.h. grunds\u00e4tzlich L\u00e4nder au\u00dferhalb der EU,\nbzw. des Europ\u00e4ischen Wirtschaftsraums. Die \u00dcbermittlung von Daten in\nDrittstaaten erfolgt entweder, wenn ein angemessenes Datenschutzniveau, eine\nEinwilligung der Nutzer*innen oder sonst eine gesetzliche Erlaubnis vorliegt.<br>\n&nbsp;<\/li><\/ol><\/li><li><strong>Erbringung vertraglicher Leistungen<\/strong> <ol><li>Wir verarbeiten Bestandsdaten\n(z.B., Namen und Adressen sowie Kontaktdaten von Nutzer*innen), Vertragsdaten\n(z.B,. in Anspruch genommene Leistungen, Namen von Kontaktpersonen,\nZahlungsinformationen) zwecks Erf\u00fcllung unserer vertraglichen Verpflichtungen\nund Serviceleistungen gem. Art. 6 Abs. 1 lit b. DSGVO.<br>\n&nbsp;<\/li><\/ol><\/li><li><strong>Kontaktaufnahme<\/strong> <ol><li>Bei der Kontaktaufnahme mit\nuns (per Kontaktformular oder E-Mail) werden die Angaben des\/der Nutzer*in zur\nBearbeitung der Kontaktanfrage und deren Abwicklung gem. Art. 6 Abs. 1 lit. b)\nDSGVO verarbeitet.<\/li><\/ol><ol><li>Die Angaben der Nutzer*innen\nk\u00f6nnen in unserem Customer-Relationship-Management System (&#8222;CRM\nSystem&#8220;) oder vergleichbarer Anfragenorganisation gespeichert werden.<br>\n&nbsp;<\/li><\/ol><\/li><li><strong>Erhebung von Zugriffsdaten und\nLogfiles<\/strong> ?<ol><li>Wir erheben auf Grundlage\nunserer berechtigten Interessen im Sinne des Art. 6 Abs. 1 lit. f. DSGVO Daten\n\u00fcber jeden Zugriff auf den Server, auf dem sich dieser Dienst befindet\n(sogenannte Serverlogfiles). Zu den Zugriffsdaten geh\u00f6ren Name der abgerufenen\nWebseite, Datei, Datum und Uhrzeit des Abrufs, \u00fcbertragene Datenmenge, Meldung\n\u00fcber erfolgreichen Abruf, Browsertyp nebst Version, das Betriebssystem des\/der\nNutzer*in, Referrer URL (die zuvor besuchte Seite), IP-Adresse und der\nanfragende Provider.<\/li><\/ol><ol><li>Logfile-Informationen werden\naus Sicherheitsgr\u00fcnden (z.B. zur Aufkl\u00e4rung von Missbrauchs- oder\nBetrugshandlungen) gespeichert und nach einer angemessenen Frist gel\u00f6scht.\nDaten, deren weitere Aufbewahrung zu Beweiszwecken erforderlich ist, sind bis\nzur endg\u00fcltigen Kl\u00e4rung des jeweiligen Vorfalls von der L\u00f6schung ausgenommen.<br>\n&nbsp;<\/li><\/ol><\/li><li><strong>Cookies &amp; Reichweitenmessung<\/strong> ?<ol><li>Cookies sind Informationen,\ndie von unserem Webserver oder Webservern Dritter an die Web-Browser der Nutzer\n\u00fcbertragen und dort f\u00fcr einen sp\u00e4teren Abruf gespeichert werden. Bei Cookies\nkann es sich um kleine Dateien oder sonstige Arten der Informationsspeicherung\nhandeln.<\/li><\/ol><ol><li>\u00dcber den Einsatz von Cookies\nim Rahmen pseudonymer Reichweitenmessung werden die Nutzer im Rahmen dieser\nDatenschutzerkl\u00e4rung informiert.<\/li><\/ol><ol><li>Falls die Nutzer*innen nicht\nm\u00f6chten, dass Cookies auf ihrem Rechner gespeichert werden, werden sie gebeten\ndie entsprechende Option in den Systemeinstellungen ihres Browsers zu\ndeaktivieren. Gespeicherte Cookies k\u00f6nnen in den Systemeinstellungen des\nBrowsers gel\u00f6scht werden. Der Ausschluss von Cookies kann zu\nFunktionseinschr\u00e4nkungen dieses Onlineangebotes f\u00fchren.<\/li><\/ol><ol><li>Sie k\u00f6nnen dem Einsatz von\nCookies, die der Reichweitenmessung und Werbezwecken dienen, \u00fcber die\nDeaktivierungsseite der Netzwerkwerbeinitiative (<a href=\"http:\/\/optout.networkadvertising.org\/\">http:\/\/optout.networkadvertising.org\/<\/a>) und\nzus\u00e4tzlich die US-amerikanische Webseite (<a href=\"http:\/\/www.aboutads.info\/choices\">http:\/\/www.aboutads.info\/choices<\/a>) oder\ndie europ\u00e4ische Webseite (<a href=\"http:\/\/www.youronlinechoices.com\/uk\/your-ad-choices\/\">http:\/\/www.youronlinechoices.com\/uk\/your-ad-choices\/<\/a>)\nwidersprechen.<br>\n&nbsp;<\/li><\/ol><\/li><li><strong>Bestellshop<\/strong> <ol><li>Mit den nachfolgenden\nHinweisen kl\u00e4ren wir Sie \u00fcber Eink\u00e4ufe \u00fcber unseren Bestell-Shop auf. Indem Sie\n\u00fcber unseren Bestell-Shop bestellen, erkl\u00e4ren Sie sich dem beschriebenen\nVerfahren einverstanden.<\/li><\/ol><ol><li>Um \u00fcber den Bestell-Shop\neinkaufen zu k\u00f6nnen, wird Ihr vollst\u00e4ndiger Name, Ihre Adresse, Ihre\nTelefonnummer und Ihre Email-Adresse ben\u00f6tigt. Diese Daten sind zur Abwicklung\ndes Kaufs und zur Rechnungslegung erforderlich. Ohne diese Daten k\u00f6nnen wir den\nVertrag mit Ihnen nicht abschlie\u00dfen.<\/li><\/ol><ol><li>Im Falle des Abbruchs eines\nEinkaufsvorganges werden die bei uns gespeicherten Daten gel\u00f6scht. Im Falle\neines Vertragsabschlusses werden s\u00e4mtliche Daten aus dem Vertragsverh\u00e4ltnis bis\nzum Ablauf der steuerrechtlichen Aufbewahrungsfrist (7 Jahre) gespeichert.<br>\n&nbsp;<\/li><\/ol><\/li><li><strong>Google Analytics<\/strong> ?<ol><li>Wir behalten uns vor durch unserer\nberechtigten Interessen (d.h. Interesse an der Analyse, Optimierung und\nwirtschaftlichem Betrieb unseres Onlineangebotes im Sinne des Art. 6 Abs. 1\nlit. f. DSGVO) Google Analytics, einen Webanalysedienst der Google Inc. (\u201eGoogle\u201c)\ngegebenenfalls einuseten. Google verwendet Cookies. Die durch das Cookie\nerzeugten Informationen \u00fcber Benutzung des Onlineangebotes durch die Nutzer\nwerden in der Regel an einen Server von Google in den USA \u00fcbertragen und dort\ngespeichert.<\/li><\/ol><ol><li>Google ist unter dem\nPrivacy-Shield-Abkommen zertifiziert und bietet hierdurch eine Garantie, das\neurop\u00e4ische Datenschutzrecht einzuhalten (<a href=\"https:\/\/www.privacyshield.gov\/participant?id=a2zt000000001L5AAI&amp;status=Active\">https:\/\/www.privacyshield.gov\/participant?id=a2zt000000001L5AAI&amp;status=Active<\/a>).<\/li><\/ol><ol><li>Google wird diese\nInformationen in unserem Auftrag benutzen, um die Nutzung unseres\nOnlineangebotes durch die Nutzer*innen auszuwerten, um Reports \u00fcber die\nAktivit\u00e4ten innerhalb dieses Onlineangebotes zusammenzustellen und um weitere,\nmit der Nutzung dieses Onlineangebotes und der Internetnutzung verbundene\nDienstleistungen, uns gegen\u00fcber zu erbringen.<\/li><\/ol><ol><li>Im Falle der Nutzung setzen\nwir &nbsp;Google Analytics nur mit aktivierter\nIP-Anonymisierung ein. Das bedeutet, die IP-Adresse der Nutzer wird von Google\ninnerhalb von Mitgliedstaaten der Europ\u00e4ischen Union oder in anderen\nVertragsstaaten des Abkommens \u00fcber den Europ\u00e4ischen Wirtschaftsraum gek\u00fcrzt.\nNur in Ausnahmef\u00e4llen wird die volle IP-Adresse an einen Server von Google in\nden USA \u00fcbertragen und dort gek\u00fcrzt.<\/li><\/ol><ol><li>Die von dem Browser der\nNutzer*innen \u00fcbermittelte IP-Adresse wird nicht mit anderen Daten von Google\nzusammengef\u00fchrt. Die Nutzer*innen k\u00f6nnen die Speicherung der Cookies durch eine\nentsprechende Einstellung ihrer Browser-Software verhindern; die Nutzer*innen\nk\u00f6nnen dar\u00fcber hinaus die Erfassung der durch das Cookie erzeugten und auf ihre\nNutzung des Onlineangebotes bezogenen Daten an Google sowie die Verarbeitung\ndieser Daten durch Google verhindern, indem sie das unter folgendem Link\nverf\u00fcgbare Browser-Plugin herunterladen und installieren: <a href=\"http:\/\/tools.google.com\/dlpage\/gaoptout?hl=de\">http:\/\/tools.google.com\/dlpage\/gaoptout?hl=de<\/a>.<\/li><\/ol><ol><li>Weitere Informationen zur\nDatennutzung durch Google, Einstellungs- und Widerspruchsm\u00f6glichkeiten erfahren\nSie auf den Webseiten von Google: <a href=\"https:\/\/www.google.com\/intl\/de\/policies\/privacy\/partners\">https:\/\/www.google.com\/intl\/de\/policies\/privacy\/partners<\/a>\n(\u201eDatennutzung durch Google bei Ihrer Nutzung von Websites oder Apps unserer\nPartner\u201c), <a href=\"http:\/\/www.google.com\/policies\/technologies\/ads\">http:\/\/www.google.com\/policies\/technologies\/ads<\/a>\n(\u201eDatennutzung zu Werbezwecken\u201c), <a href=\"http:\/\/www.google.de\/settings\/ads\">http:\/\/www.google.de\/settings\/ads<\/a>\n(\u201eInformationen verwalten, die Google verwendet, um Ihnen Werbung\neinzublenden\u201c).<br>\n&nbsp;<\/li><\/ol><\/li><li><strong>Einbindung von Diensten und\nInhalten Dritter<\/strong> <ol><li>Wir setzen innerhalb unseres\nOnlineangebotes auf Grundlage unserer berechtigten Interessen (d.h. Interesse\nan der Analyse, Optimierung und wirtschaftlichem Betrieb unseres\nOnlineangebotes im Sinne des Art. 6 Abs. 1 lit. f. DSGVO) Inhalts- oder\nServiceangebote von Drittanbietern ein, um deren Inhalte und Services, wie z.B.\nVideos oder Schriftarten einzubinden (nachfolgend einheitlich bezeichnet als\n\u201cInhalte\u201d). Dies setzt immer voraus, dass die Drittanbieter dieser Inhalte, die\nIP-Adresse der Nutzer*innen wahrnehmen, da sie ohne die IP-Adresse die Inhalte\nnicht an deren Browser senden k\u00f6nnten. Die IP-Adresse ist damit f\u00fcr die\nDarstellung dieser Inhalte erforderlich. Wir bem\u00fchen uns nur solche Inhalte zu\nverwenden, deren jeweilige Anbieter die IP-Adresse lediglich zur Auslieferung\nder Inhalte verwenden. Drittanbieter k\u00f6nnen ferner so genannte Pixel-Tags\n(unsichtbare Grafiken, auch als &#8222;Web Beacons&#8220; bezeichnet) f\u00fcr\nstatistische oder Marketingzwecke verwenden. Durch die &#8222;Pixel-Tags&#8220;\nk\u00f6nnen Informationen, wie der Besucherverkehr auf den Seiten dieser Website\nausgewertet werden. Die pseudonymen Informationen k\u00f6nnen ferner in Cookies auf\ndem Ger\u00e4t der Nutzer*innen gespeichert werden und unter anderem technische\nInformationen zum Browser und Betriebssystem, verweisende Webseiten,\nBesuchszeit sowie weitere Angaben zur Nutzung unseres Onlineangebotes\nenthalten, als auch mit solchen Informationen aus anderen Quellen verbunden\nwerden k\u00f6nnen.<\/li><\/ol><ol><li>Die nachfolgende Darstellung\nbietet eine \u00dcbersicht von Drittanbietern sowie ihrer Inhalte, nebst Links zu\nderen Datenschutzerkl\u00e4rungen, welche weitere Hinweise zur Verarbeitung von\nDaten und, z.T. bereits hier genannt, Widerspruchsm\u00f6glichkeiten (sog. Opt-Out) enthalten:\n<ol><li>Externe Schriftarten von\nGoogle, Inc., https:\/\/www.google.com\/fonts (\u201eGoogle Fonts\u201c). Die Einbindung der\nGoogle Fonts erfolgt durch einen Serveraufruf bei Google (in der Regel in den\nUSA). Datenschutzerkl\u00e4rung: https:\/\/www.google.com\/policies\/privacy\/, Opt-Out:\nhttps:\/\/www.google.com\/settings\/ads\/.<\/li><\/ol><\/li><\/ol><\/li><li><strong>Rechte der\nNutzer*innen<\/strong> <ol><li>Nutzer*innen haben das Recht,\nauf Antrag unentgeltlich Auskunft zu erhalten \u00fcber die personenbezogenen Daten,\ndie von uns \u00fcber sie gespeichert wurden.<\/li><\/ol><ol><li>Zus\u00e4tzlich haben die\nNutzer*innen das Recht auf Berichtigung unrichtiger Daten, Einschr\u00e4nkung der\nVerarbeitung und L\u00f6schung ihrer personenbezogenen Daten, sofern zutreffend,\nIhre Rechte auf Datenportabilit\u00e4t geltend zu machen und im Fall der Annahme\neiner unrechtm\u00e4\u00dfigen Datenverarbeitung, eine Beschwerde bei der zust\u00e4ndigen\nAufsichtsbeh\u00f6rde einzureichen.<\/li><\/ol><ol><li>Ebenso k\u00f6nnen Nutzer*innen\nEinwilligungen, grunds\u00e4tzlich mit Auswirkung f\u00fcr die Zukunft, widerrufen.<br>\n&nbsp;<\/li><\/ol><\/li><li><strong>L\u00f6schung von Daten<\/strong> <ol><li>Die bei uns gespeicherten\nDaten werden gel\u00f6scht, sobald sie f\u00fcr ihre Zweckbestimmung nicht mehr\nerforderlich sind und der L\u00f6schung keine gesetzlichen Aufbewahrungspflichten\nentgegenstehen. Sofern die Daten der Nutzer*innen nicht gel\u00f6scht werden, weil\nsie f\u00fcr andere und gesetzlich zul\u00e4ssige Zwecke erforderlich sind, wird deren\nVerarbeitung eingeschr\u00e4nkt. D.h. die Daten werden gesperrt und nicht f\u00fcr andere\nZwecke verarbeitet. Das gilt z.B. f\u00fcr Daten der Nutzer, die aus handels- oder\nsteuerrechtlichen Gr\u00fcnden aufbewahrt werden m\u00fcssen.<\/li><\/ol><\/li><li><strong>Widerspruchsrecht<\/strong> <ol><li>Nutzer*innen k\u00f6nnen der\nk\u00fcnftigen Verarbeitung ihrer personenbezogenen Daten entsprechend den\ngesetzlichen Vorgaben jederzeit widersprechen. Der Widerspruch kann\ninsbesondere gegen die Verarbeitung f\u00fcr Zwecke der Direktwerbung erfolgen.<\/li><\/ol><\/li><li><strong>\u00c4nderungen der\nDatenschutzerkl\u00e4rung<\/strong> <ol><li>Wir behalten uns vor, die\nDatenschutzerkl\u00e4rung zu \u00e4ndern, um sie an ge\u00e4nderte Rechtslagen, oder bei\n\u00c4nderungen des Dienstes sowie der Datenverarbeitung anzupassen. Dies gilt\njedoch nur im Hinblick auf Erkl\u00e4rungen zur Datenverarbeitung. Sofern\nEinwilligungen der Nutzer*innen erforderlich sind oder Bestandteile der\nDatenschutzerkl\u00e4rung Regelungen des Vertragsverh\u00e4ltnisses mit den Nutzer*innen\nenthalten, erfolgen die \u00c4nderungen nur mit Zustimmung der Nutzer*innen.<\/li><\/ol><ol><li>Die Nutzer*innen werden\ngebeten sich regelm\u00e4\u00dfig \u00fcber den Inhalt der Datenschutzerkl\u00e4rung zu\ninformieren.<strong><\/strong><\/li><\/ol><\/li><\/ol>\n","protected":false},"excerpt":{"rendered":"<p>Allgemeine Liefer- und Zahlungsbedingungen \u00a0Die Bestellungen k\u00f6nnen im Raum Waidhofen zugestellt werden, oder werden direkt im Laden abgeholt. &nbsp;Geltungsbereich F\u00fcr alle Bestellungen \u00fcber unseren Bestell-Shop gelten die nachfolgenden Liefer- und Zahlungsbedingungen. Mit der Bestellung erkl\u00e4rt sich der Kunde\/die Kundin mit diesen Bedingungen einverstanden. Sollten einzelne dieser Bestimmungen aufgrund zwingender gesetzlicher Vorschriften ganz oder teilweise unwirksam [&hellip;]<\/p>\n","protected":false},"author":1,"featured_media":0,"parent":0,"menu_order":0,"comment_status":"closed","ping_status":"closed","template":"template-fullwidth.php","meta":[],"_links":{"self":[{"href":"http:\/\/weltladen-waidhofen.at\/index.php?rest_route=\/wp\/v2\/pages\/848"}],"collection":[{"href":"http:\/\/weltladen-waidhofen.at\/index.php?rest_route=\/wp\/v2\/pages"}],"about":[{"href":"http:\/\/weltladen-waidhofen.at\/index.php?rest_route=\/wp\/v2\/types\/page"}],"author":[{"embeddable":true,"href":"http:\/\/weltladen-waidhofen.at\/index.php?rest_route=\/wp\/v2\/users\/1"}],"replies":[{"embeddable":true,"href":"http:\/\/weltladen-waidhofen.at\/index.php?rest_route=%2Fwp%2Fv2%2Fcomments&post=848"}],"version-history":[{"count":6,"href":"http:\/\/weltladen-waidhofen.at\/index.php?rest_route=\/wp\/v2\/pages\/848\/revisions"}],"predecessor-version":[{"id":1607,"href":"http:\/\/weltladen-waidhofen.at\/index.php?rest_route=\/wp\/v2\/pages\/848\/revisions\/1607"}],"wp:attachment":[{"href":"http:\/\/weltladen-waidhofen.at\/index.php?rest_route=%2Fwp%2Fv2%2Fmedia&parent=848"}],"curies":[{"name":"wp","href":"https:\/\/api.w.org\/{rel}","templated":true}]}}